{"id":27,"date":"2021-09-13T13:10:14","date_gmt":"2021-09-13T16:10:14","guid":{"rendered":"https:\/\/bigway.com.ar\/wp\/home\/"},"modified":"2022-06-22T14:43:30","modified_gmt":"2022-06-22T17:43:30","slug":"home","status":"publish","type":"page","link":"https:\/\/bigway.com.ar\/site\/","title":{"rendered":"Home"},"content":{"rendered":"\n\n\n<h2 style=\"color: rgb(255, 245, 108);\">Mejor\u00e1 tu conexi\u00f3n con el mundo<\/h2>\n\n<p><span style=\"font-size: small;\"><span style=\"color: rgb(255, 255, 255); font-size: 20px; font-weight: 700;\">Viv\u00ed la experiencia Bigway. Disfrut\u00e1 de una conexi\u00f3n a Internet veloz que te permitir\u00e1 aprovechar al m\u00e1ximo tus momentos de t<\/span><span style=\"color: rgb(255, 255, 255); font-size: 20px; font-weight: 700;\"><\/span><span style=\"color: rgb(255, 255, 255); font-size: 20px; font-weight: 700;\">rabajo, ocio y educaci\u00f3n.<\/span><\/span><span style=\"color: rgb(255, 255, 255); font-size: 20px; font-weight: 700; background-color: rgb(0, 0, 0);\"><\/span><br><\/p>\n\n\n\n\n\n\n\n\n\n<span style=\"color:#ffffff;\"><strong style=\"color: rgb(255, 245, 108);\">Fibra \u00f3ptica<\/strong><\/span>\n\n\n<p><span style=\"color:#ffffff;\">\u00daltima tecnolog\u00eda en Internet, usada en el primer mundo<\/span><\/p>\n\n\n<strong style=\"color: rgb(255, 245, 108);\">Call center<\/strong>\n\n\n<span style=\"font-size:medium;\">Call center con profesionales de\nalta calidad<\/span>\n\n\n<span style=\"color:#ffffff;\"><strong style=\"color: rgb(255, 245, 108);\">Oficinas en Mendoza<\/strong><\/span>\n\n\n<p><span style=\"color: rgb(255, 255, 255); font-size: medium;\">Estamos en San Jos\u00e9,\nGuaymall\u00e9n<\/span><br><\/p>\n\n\n<strong><span style=\"color:#fff56c;\">Servicio t\u00e9cnico<\/span>&nbsp;<\/strong><br>\n\n\n<p><span style=\"color: rgb(255, 255, 255); font-size: medium;\">Profesionales capacitados para\nresolver cualquier inconveniente<\/span>\n<\/p>\n\n\n\n\n\n\n<h2><span style=\"color: rgb(255, 245, 108);\"><span style=\"font-weight: 700;\">Nosotros<\/span><\/span><\/h2>\n\n<p><span style=\"color: rgb(255, 255, 255);\"><span style=\"font-size: x-large;\">Proveemos servicios de Internet en hogares y empresas. Tenemos distintos planes para cada cliente, anteponiendo su bienestar y conexi\u00f3n&nbsp;<\/span><\/span><\/p><p><span style=\"color: rgb(255, 255, 255);\"><span style=\"font-size: x-large;\">con el mundo globalizado<\/span> <\/span><br><\/p>\n\n\n\n\n\n\n<span style=\"color:#ffffff;\"><strong>Misi\u00f3n<\/strong><\/span>\n\n\n<p><span style=\"color: rgb(255, 255, 255);\">Somos la empresa que provee calidad de vida a nuestros clientes, a trav\u00e9s de una conexi\u00f3n a Internet veloz que les permita desenvolverse en el mundo globalizado<\/span><\/p><p><span style=\"color: rgb(255, 255, 255);\">con una gran comodidad.<\/span><br><\/p>\n\n\n\n<span style=\"color:#ffffff;\"><strong>Visi\u00f3n<\/strong><\/span>\n\n\n<span style=\"color: rgb(255, 255, 255); font-size: medium;\">Ser la empresa de Internet que provea el mejor servicio a lo largo de todo el pa\u00eds.<\/span><br>\n\n\n\n<font color=\"#ffffff\"><b>Valores<\/b><\/font>\n\n\n<p><span style=\"color: rgb(255, 255, 255); font-size: medium;\">Trabajamos con seriedad y compromiso. Priorizamos la calidad&nbsp;<\/span><\/p><p><span style=\"color: rgb(255, 255, 255); font-size: medium;\">de nuestro servicio y la atenci\u00f3n personalizada a nuestros clientes.<\/span><br><\/p>\n\n\n\n\n\n\n\n<h2 style=\"color: rgb(255, 245, 108);\"><strong>Planes fibra \u00f3ptica<\/strong><\/h2>\n\n\n\n\n\n\n\n\n\n\n\n\n\n\n\n\n\n\n\n\n\n\n<h2 style=\"color: rgb(255, 245, 108);\"><strong>Contactanos<\/strong><\/h2>\n\n<div class=\"wpcf7 no-js\" id=\"wpcf7-f244-o1\" lang=\"en-US\" dir=\"ltr\" data-wpcf7-id=\"244\">\n<div class=\"screen-reader-response\"><p role=\"status\" aria-live=\"polite\" aria-atomic=\"true\"><\/p> <ul><\/ul><\/div>\n<form action=\"\/site\/wp-json\/wp\/v2\/pages\/27#wpcf7-f244-o1\" method=\"post\" class=\"wpcf7-form init\" aria-label=\"Contact form\" novalidate=\"novalidate\" data-status=\"init\">\n<fieldset class=\"hidden-fields-container\"><input type=\"hidden\" name=\"_wpcf7\" value=\"244\" \/><input type=\"hidden\" name=\"_wpcf7_version\" value=\"6.1.5\" \/><input type=\"hidden\" name=\"_wpcf7_locale\" value=\"en_US\" \/><input type=\"hidden\" name=\"_wpcf7_unit_tag\" value=\"wpcf7-f244-o1\" \/><input type=\"hidden\" name=\"_wpcf7_container_post\" value=\"0\" \/><input type=\"hidden\" name=\"_wpcf7_posted_data_hash\" value=\"\" \/>\n<\/fieldset>\n<p><label style=\"color:white;\"> Nombre completo<br \/>\n<span class=\"wpcf7-form-control-wrap\" data-name=\"your-name\"><input size=\"40\" maxlength=\"400\" class=\"wpcf7-form-control wpcf7-text wpcf7-validates-as-required\" aria-required=\"true\" aria-invalid=\"false\" value=\"\" type=\"text\" name=\"your-name\" \/><\/span> <\/label>\n<\/p>\n<p><label style=\"color:white;\"> Correo electr\u00f3nico<br \/>\n<span class=\"wpcf7-form-control-wrap\" data-name=\"your-email\"><input size=\"40\" maxlength=\"400\" class=\"wpcf7-form-control wpcf7-email wpcf7-validates-as-required wpcf7-text wpcf7-validates-as-email\" aria-required=\"true\" aria-invalid=\"false\" value=\"\" type=\"email\" name=\"your-email\" \/><\/span> <\/label>\n<\/p>\n<p><label style=\"color:white;\"> N\u00famero de tel\u00e9fono<br \/>\n<span class=\"wpcf7-form-control-wrap\" data-name=\"number-832\"><input class=\"wpcf7-form-control wpcf7-number wpcf7-validates-as-required wpcf7-validates-as-number\" aria-required=\"true\" aria-invalid=\"false\" value=\"\" type=\"number\" name=\"number-832\" \/><\/span> <\/label>\n<\/p>\n<p><label style=\"color:white;\"> Departamento en el que viv\u00eds<br \/>\n<span class=\"wpcf7-form-control-wrap\" data-name=\"dpto\"><input size=\"40\" maxlength=\"400\" class=\"wpcf7-form-control wpcf7-text wpcf7-validates-as-required\" aria-required=\"true\" aria-invalid=\"false\" value=\"\" type=\"text\" name=\"dpto\" \/><\/span> <\/label>\n<\/p>\n<p><label style=\"color:white;\"> Distrito en el que viv\u00eds<br \/>\n<span class=\"wpcf7-form-control-wrap\" data-name=\"distrito\"><input size=\"40\" maxlength=\"400\" class=\"wpcf7-form-control wpcf7-text wpcf7-validates-as-required\" aria-required=\"true\" aria-invalid=\"false\" value=\"\" type=\"text\" name=\"distrito\" \/><\/span> <\/label>\n<\/p>\n<p><label style=\"color:white;\"> Domicilio<br \/>\n<span class=\"wpcf7-form-control-wrap\" data-name=\"domicilio\"><input size=\"40\" maxlength=\"400\" class=\"wpcf7-form-control wpcf7-text wpcf7-validates-as-required\" aria-required=\"true\" aria-invalid=\"false\" value=\"\" type=\"text\" name=\"domicilio\" \/><\/span> <\/label>\n<\/p>\n<p><label style=\"color:white;\"> Dejanos ac\u00e1 tu consulta<br \/>\n<span class=\"wpcf7-form-control-wrap\" data-name=\"your-message\"><textarea cols=\"40\" rows=\"10\" maxlength=\"2000\" class=\"wpcf7-form-control wpcf7-textarea wpcf7-validates-as-required\" aria-required=\"true\" aria-invalid=\"false\" name=\"your-message\"><\/textarea><\/span> <\/label>\n<\/p>\n<p><input class=\"wpcf7-form-control wpcf7-submit has-spinner\" type=\"submit\" value=\"Enviar\" \/>\n<\/p><p style=\"display: none !important;\" class=\"akismet-fields-container\" data-prefix=\"_wpcf7_ak_\"><label>&#916;<textarea name=\"_wpcf7_ak_hp_textarea\" cols=\"45\" rows=\"8\" maxlength=\"100\"><\/textarea><\/label><input type=\"hidden\" id=\"ak_js_1\" name=\"_wpcf7_ak_js\" value=\"141\"\/><script>\ndocument.getElementById( \"ak_js_1\" ).setAttribute( \"value\", ( new Date() ).getTime() );\n<\/script>\n<\/p><div class=\"wpcf7-response-output\" aria-hidden=\"true\"><\/div>\n<\/form>\n<\/div>\n\n\n\n\n<p style=\"text-align: center; color: rgb(255, 255, 255);\"><strong>Alberdi 1589, San Jos\u00e9, Guaymall\u00e9n, Mendoza, Argentina<\/strong><\/p>\n\n\n\n\n\n\n","protected":false},"excerpt":{"rendered":"","protected":false},"author":0,"featured_media":0,"parent":0,"menu_order":0,"comment_status":"closed","ping_status":"closed","template":"","meta":{"pagelayer_contact_templates":[],"_pagelayer_content":"","footnotes":""},"class_list":["post-27","page","type-page","status-publish","hentry"],"_links":{"self":[{"href":"https:\/\/bigway.com.ar\/site\/wp-json\/wp\/v2\/pages\/27","targetHints":{"allow":["GET"]}}],"collection":[{"href":"https:\/\/bigway.com.ar\/site\/wp-json\/wp\/v2\/pages"}],"about":[{"href":"https:\/\/bigway.com.ar\/site\/wp-json\/wp\/v2\/types\/page"}],"replies":[{"embeddable":true,"href":"https:\/\/bigway.com.ar\/site\/wp-json\/wp\/v2\/comments?post=27"}],"version-history":[{"count":224,"href":"https:\/\/bigway.com.ar\/site\/wp-json\/wp\/v2\/pages\/27\/revisions"}],"predecessor-version":[{"id":512,"href":"https:\/\/bigway.com.ar\/site\/wp-json\/wp\/v2\/pages\/27\/revisions\/512"}],"wp:attachment":[{"href":"https:\/\/bigway.com.ar\/site\/wp-json\/wp\/v2\/media?parent=27"}],"curies":[{"name":"wp","href":"https:\/\/api.w.org\/{rel}","templated":true}]}}